{"id":361,"date":"2022-02-15T17:35:56","date_gmt":"2022-02-15T17:35:56","guid":{"rendered":"https:\/\/genesungsbegleitung.info\/?page_id=361"},"modified":"2022-02-16T16:41:53","modified_gmt":"2022-02-16T16:41:53","slug":"angebot","status":"publish","type":"page","link":"https:\/\/genesungsbegleitung.info\/?page_id=361","title":{"rendered":"Angebot"},"content":{"rendered":"\t\t<div data-elementor-type=\"wp-page\" data-elementor-id=\"361\" class=\"elementor elementor-361\">\n\t\t\t\t\t\t\t\t\t<section class=\"elementor-section elementor-top-section elementor-element elementor-element-1a53cbb elementor-section-boxed elementor-section-height-default elementor-section-height-default\" data-id=\"1a53cbb\" data-element_type=\"section\">\n\t\t\t\t\t\t<div class=\"elementor-container elementor-column-gap-default\">\n\t\t\t\t\t<div class=\"elementor-column elementor-col-100 elementor-top-column elementor-element elementor-element-ff8a857\" data-id=\"ff8a857\" data-element_type=\"column\">\n\t\t\t<div class=\"elementor-widget-wrap elementor-element-populated\">\n\t\t\t\t\t\t\t\t<div class=\"elementor-element elementor-element-524f794 elementor-widget elementor-widget-text-editor\" data-id=\"524f794\" data-element_type=\"widget\" data-widget_type=\"text-editor.default\">\n\t\t\t\t<div class=\"elementor-widget-container\">\n\t\t\t<style>\/*! elementor - v3.6.4 - 13-04-2022 *\/\n.elementor-widget-text-editor.elementor-drop-cap-view-stacked .elementor-drop-cap{background-color:#818a91;color:#fff}.elementor-widget-text-editor.elementor-drop-cap-view-framed .elementor-drop-cap{color:#818a91;border:3px solid;background-color:transparent}.elementor-widget-text-editor:not(.elementor-drop-cap-view-default) .elementor-drop-cap{margin-top:8px}.elementor-widget-text-editor:not(.elementor-drop-cap-view-default) .elementor-drop-cap-letter{width:1em;height:1em}.elementor-widget-text-editor .elementor-drop-cap{float:left;text-align:center;line-height:1;font-size:50px}.elementor-widget-text-editor .elementor-drop-cap-letter{display:inline-block}<\/style>\t\t\t\t<p><strong>Angebot<\/strong><\/p><ul><li>Einzelgespr\u00e4ch<\/li><li>Begleitung zu Beh\u00f6rden oder zum Arzt<\/li><li>Unterst\u00fctzung bei der Alltagsstrukturierung<\/li><li>Begleitung bei Abschied, Trennung und Trauer<\/li><li>Erg\u00e4nzung zu ambulanten Angeboten wie Tagesklinik oder Psychotherapie<\/li><li>Beratung von Angeh\u00f6rigen<\/li><li>einfache Entspannungs\u00fcbungen<\/li><\/ul><p>\u00a0<\/p><p>\u00a0<\/p><p><strong>Schwerpunkte<\/strong><\/p><p>\u00dcberwinden von<\/p><p>\u2013\u00a0\u00a0\u00a0\u00a0\u00a0\u00a0Depressionen<\/p><p>\u2013\u00a0\u00a0\u00a0\u00a0\u00a0\u00a0Angstzust\u00e4nden<\/p><p>\u2013\u00a0\u00a0\u00a0\u00a0\u00a0\u00a0Burn out<\/p><p>\u00a0<\/p><p>Ressourcen entdecken<\/p><p>bodenst\u00e4ndige Spiritualit\u00e4t<\/p><p>\u00a0<\/p>\t\t\t\t\t\t<\/div>\n\t\t\t\t<\/div>\n\t\t\t\t\t<\/div>\n\t\t<\/div>\n\t\t\t\t\t\t\t<\/div>\n\t\t<\/section>\n\t\t\t\t<section class=\"elementor-section elementor-top-section elementor-element elementor-element-aedba52 elementor-section-boxed elementor-section-height-default elementor-section-height-default\" data-id=\"aedba52\" data-element_type=\"section\">\n\t\t\t\t\t\t<div class=\"elementor-container elementor-column-gap-default\">\n\t\t\t\t\t<div class=\"elementor-column elementor-col-100 elementor-top-column elementor-element elementor-element-e344a75\" data-id=\"e344a75\" data-element_type=\"column\">\n\t\t\t<div class=\"elementor-widget-wrap elementor-element-populated\">\n\t\t\t\t\t\t\t\t<div class=\"elementor-element elementor-element-fed1df3 elementor-widget elementor-widget-image\" data-id=\"fed1df3\" data-element_type=\"widget\" data-widget_type=\"image.default\">\n\t\t\t\t<div class=\"elementor-widget-container\">\n\t\t\t<style>\/*! elementor - v3.6.4 - 13-04-2022 *\/\n.elementor-widget-image{text-align:center}.elementor-widget-image a{display:inline-block}.elementor-widget-image a img[src$=\".svg\"]{width:48px}.elementor-widget-image img{vertical-align:middle;display:inline-block}<\/style>\t\t\t\t\t\t\t\t\t\t\t\t<img loading=\"lazy\" decoding=\"async\" width=\"761\" height=\"647\" src=\"https:\/\/genesungsbegleitung.info\/wp-content\/uploads\/2022\/02\/dd083d4f-a11a-4ba6-9559-48021e3838eb.jpg\" class=\"attachment-1536x1536 size-1536x1536\" alt=\"\" srcset=\"https:\/\/genesungsbegleitung.info\/wp-content\/uploads\/2022\/02\/dd083d4f-a11a-4ba6-9559-48021e3838eb.jpg 761w, https:\/\/genesungsbegleitung.info\/wp-content\/uploads\/2022\/02\/dd083d4f-a11a-4ba6-9559-48021e3838eb-300x255.jpg 300w\" sizes=\"auto, (max-width: 761px) 100vw, 761px\" \/>\t\t\t\t\t\t\t\t\t\t\t\t\t\t\t<\/div>\n\t\t\t\t<\/div>\n\t\t\t\t\t<\/div>\n\t\t<\/div>\n\t\t\t\t\t\t\t<\/div>\n\t\t<\/section>\n\t\t\t\t\t\t\t<\/div>\n\t\t","protected":false},"excerpt":{"rendered":"<p>Angebot Einzelgespr\u00e4ch Begleitung zu Beh\u00f6rden oder zum Arzt Unterst\u00fctzung bei der Alltagsstrukturierung Begleitung bei Abschied, Trennung und Trauer Erg\u00e4nzung zu ambulanten Angeboten wie Tagesklinik oder Psychotherapie Beratung von Angeh\u00f6rigen einfache Entspannungs\u00fcbungen \u00a0 \u00a0 Schwerpunkte \u00dcberwinden von \u2013\u00a0\u00a0\u00a0\u00a0\u00a0\u00a0Depressionen \u2013\u00a0\u00a0\u00a0\u00a0\u00a0\u00a0Angstzust\u00e4nden \u2013\u00a0\u00a0\u00a0\u00a0\u00a0\u00a0Burn out \u00a0 Ressourcen entdecken bodenst\u00e4ndige Spiritualit\u00e4t \u00a0<\/p>\n","protected":false},"author":1,"featured_media":0,"parent":0,"menu_order":0,"comment_status":"closed","ping_status":"closed","template":"","meta":{"footnotes":""},"class_list":["post-361","page","type-page","status-publish","hentry"],"_links":{"self":[{"href":"https:\/\/genesungsbegleitung.info\/index.php?rest_route=\/wp\/v2\/pages\/361","targetHints":{"allow":["GET"]}}],"collection":[{"href":"https:\/\/genesungsbegleitung.info\/index.php?rest_route=\/wp\/v2\/pages"}],"about":[{"href":"https:\/\/genesungsbegleitung.info\/index.php?rest_route=\/wp\/v2\/types\/page"}],"author":[{"embeddable":true,"href":"https:\/\/genesungsbegleitung.info\/index.php?rest_route=\/wp\/v2\/users\/1"}],"replies":[{"embeddable":true,"href":"https:\/\/genesungsbegleitung.info\/index.php?rest_route=%2Fwp%2Fv2%2Fcomments&post=361"}],"version-history":[{"count":13,"href":"https:\/\/genesungsbegleitung.info\/index.php?rest_route=\/wp\/v2\/pages\/361\/revisions"}],"predecessor-version":[{"id":414,"href":"https:\/\/genesungsbegleitung.info\/index.php?rest_route=\/wp\/v2\/pages\/361\/revisions\/414"}],"wp:attachment":[{"href":"https:\/\/genesungsbegleitung.info\/index.php?rest_route=%2Fwp%2Fv2%2Fmedia&parent=361"}],"curies":[{"name":"wp","href":"https:\/\/api.w.org\/{rel}","templated":true}]}}