{"id":166,"date":"2022-02-13T11:00:24","date_gmt":"2022-02-13T11:00:24","guid":{"rendered":"https:\/\/genesungsbegleitung.info\/?page_id=166"},"modified":"2022-02-16T16:44:04","modified_gmt":"2022-02-16T16:44:04","slug":"recovery","status":"publish","type":"page","link":"https:\/\/genesungsbegleitung.info\/?page_id=166","title":{"rendered":"Recovery"},"content":{"rendered":"\t\t<div data-elementor-type=\"wp-page\" data-elementor-id=\"166\" class=\"elementor elementor-166\">\n\t\t\t\t\t\t\t\t\t<section class=\"elementor-section elementor-top-section elementor-element elementor-element-8ca84e7 elementor-section-boxed elementor-section-height-default elementor-section-height-default\" data-id=\"8ca84e7\" data-element_type=\"section\">\n\t\t\t\t\t\t<div class=\"elementor-container elementor-column-gap-default\">\n\t\t\t\t\t<div class=\"elementor-column elementor-col-100 elementor-top-column elementor-element elementor-element-ad8a484\" data-id=\"ad8a484\" data-element_type=\"column\">\n\t\t\t<div class=\"elementor-widget-wrap elementor-element-populated\">\n\t\t\t\t\t\t\t\t<div class=\"elementor-element elementor-element-3ac1bc9 elementor-widget elementor-widget-text-editor\" data-id=\"3ac1bc9\" data-element_type=\"widget\" data-widget_type=\"text-editor.default\">\n\t\t\t\t<div class=\"elementor-widget-container\">\n\t\t\t<style>\/*! elementor - v3.6.4 - 13-04-2022 *\/\n.elementor-widget-text-editor.elementor-drop-cap-view-stacked .elementor-drop-cap{background-color:#818a91;color:#fff}.elementor-widget-text-editor.elementor-drop-cap-view-framed .elementor-drop-cap{color:#818a91;border:3px solid;background-color:transparent}.elementor-widget-text-editor:not(.elementor-drop-cap-view-default) .elementor-drop-cap{margin-top:8px}.elementor-widget-text-editor:not(.elementor-drop-cap-view-default) .elementor-drop-cap-letter{width:1em;height:1em}.elementor-widget-text-editor .elementor-drop-cap{float:left;text-align:center;line-height:1;font-size:50px}.elementor-widget-text-editor .elementor-drop-cap-letter{display:inline-block}<\/style>\t\t\t\t<p class=\"Textbody\" style=\"margin-bottom: 0cm;\"><span lang=\"DE\" style=\"font-size: 26.0pt; font-family: 'Verdana',sans-serif;\"><img loading=\"lazy\" decoding=\"async\" class=\" wp-image-381 alignright\" src=\"https:\/\/genesungsbegleitung.info\/wp-content\/uploads\/2022\/02\/073cecd6-5fd5-4222-b2a4-909b79e2b79e-225x300.jpg\" alt=\"\" width=\"397\" height=\"530\" srcset=\"https:\/\/genesungsbegleitung.info\/wp-content\/uploads\/2022\/02\/073cecd6-5fd5-4222-b2a4-909b79e2b79e-225x300.jpg 225w, https:\/\/genesungsbegleitung.info\/wp-content\/uploads\/2022\/02\/073cecd6-5fd5-4222-b2a4-909b79e2b79e.jpg 768w\" sizes=\"auto, (max-width: 397px) 100vw, 397px\" \/>In den letzten Jahren hat sich in der Sichtweise auf psychische Erkrankungen einiges bewegt und ver\u00e4ndert.<\/span><\/p><p class=\"Textbody\" style=\"margin-bottom: 0cm;\"><span lang=\"DE\" style=\"font-size: 26.0pt; font-family: 'Verdana',sans-serif;\">\u00a0<\/span><\/p><p class=\"Textbody\" style=\"margin-bottom: 0cm;\"><span lang=\"DE\" style=\"font-size: 26.0pt; font-family: 'Verdana',sans-serif;\">W\u00e4hrend fr\u00fcher viele Krankheitsbilder als unheilbar betrachtet wurden und vorwiegend mit Psychopharmaka nur die Symptome behandelt wurde, gibt es jetzt andere Ans\u00e4tze, eine Krise wird oft auch als Chance gesehen und es gibt die M\u00f6glichkeit gest\u00e4rkt und genesen daraus hervor zu gehen.\u00a0<\/span><\/p><p class=\"Textbody\" style=\"margin-bottom: 0cm;\"><span lang=\"DE\" style=\"font-size: 26.0pt; font-family: 'Verdana',sans-serif;\">Zudem hat sich gezeigt, dass in jedem Leidenden selber das Potential zur Bew\u00e4ltigung vorhanden ist und ein aufmerksames, wohlwollendes Gegen\u00fcber mit eigener Erfahrung sehr hilfreich sein kann, dieses Potential zu nutzen.\u00a0<\/span><\/p><p class=\"Textbody\" style=\"margin-bottom: 0cm;\"><span lang=\"DE\" style=\"font-size: 26.0pt; font-family: 'Verdana',sans-serif;\">\u00a0<\/span><\/p><p class=\"Textbody\" style=\"margin-bottom: 0cm;\"><span lang=\"DE\" style=\"font-size: 26.0pt; font-family: 'Verdana',sans-serif;\">Es entwickelte sich schon in den fr\u00fchen 90er Jahren zun\u00e4chst in den USA die Idee und Geisteshaltung von Recovery. Daraus bildete sich dann die Idee Menschen mit der Erfahrung einer psychischen Ersch\u00fctterung und der Erholung davon als\u00a0\u00a0Genesungsbegleiter \u00a0( Experienced Involvement) auszubilden und es bildete sich im Jahre 2010 der Verein Ex- In Bern, aus dem 2019 Ex-In Schweiz hervorging.\u00a0<\/span><\/p><p class=\"Textbody\" style=\"margin-bottom: 0cm;\"><span lang=\"DE\" style=\"font-size: 26.0pt; font-family: 'Verdana',sans-serif;\">\u00a0<\/span><\/p><p class=\"Textbody\" style=\"margin-bottom: 0cm;\"><span lang=\"DE\"><a href=\"https:\/\/www.ex-in-schweiz.ch\/\"><span style=\"font-size: 26.0pt; font-family: 'Verdana',sans-serif; color: windowtext; text-decoration: none; text-underline: none;\">https:\/\/www.ex-in-schweiz.ch\/<\/span><\/a><\/span><\/p><p class=\"Textbody\" style=\"margin-bottom: 0cm;\"><span lang=\"DE\" style=\"font-size: 26.0pt; font-family: 'Verdana',sans-serif;\">\u00a0<\/span><\/p><p class=\"Textbody\" style=\"margin-bottom: 0cm;\"><span lang=\"DE\" style=\"font-size: 26.0pt; font-family: 'Verdana',sans-serif;\">Viele Informationen dazu bietet auch PMS\u00a0\u00a0unter deren Flagge ich von 2019 bis 2020 meine Weiterbildung als Genesungsbegleiterin absolvierte.<\/span><\/p><p class=\"Textbody\" style=\"margin-bottom: 0cm;\"><span lang=\"DE\" style=\"font-size: 26.0pt; font-family: 'Verdana',sans-serif;\">\u00a0<\/span><\/p><p class=\"Textbody\" style=\"margin-bottom: 0cm;\"><span lang=\"DE\"><a href=\"https:\/\/www.promentesana.ch\/selbstbestimmt-genesen\/grundlagen-zur-genesung\"><span style=\"font-size: 26.0pt; font-family: 'Verdana',sans-serif; color: windowtext; text-decoration: none; text-underline: none;\">https:\/\/www.promentesana.ch\/selbstbestimmt-genesen\/grundlagen-zur-genesung<\/span><\/a><\/span><\/p><p class=\"Textbody\" style=\"margin-bottom: 0cm;\"><span lang=\"DE\" style=\"font-size: 26.0pt; font-family: 'Verdana',sans-serif;\">\u00a0<\/span><\/p><p class=\"Textbody\" style=\"margin-bottom: 0cm;\"><span lang=\"DE\" style=\"font-size: 26.0pt; font-family: 'Verdana',sans-serif;\">Recovery ist ein Prozess und findet nicht linear statt. Es umfasst auch Krisen, Stillstand und R\u00fcckschritte und orientiert sich mehr an der Gesundheit und den Ressourcen des Menschen als an Diagnosen und Symptomen.<\/span><\/p>\t\t\t\t\t\t<\/div>\n\t\t\t\t<\/div>\n\t\t\t\t\t<\/div>\n\t\t<\/div>\n\t\t\t\t\t\t\t<\/div>\n\t\t<\/section>\n\t\t\t\t\t\t\t<\/div>\n\t\t","protected":false},"excerpt":{"rendered":"<p>In den letzten Jahren hat sich in der Sichtweise auf psychische Erkrankungen einiges bewegt und ver\u00e4ndert. \u00a0 W\u00e4hrend fr\u00fcher viele Krankheitsbilder als unheilbar betrachtet wurden und vorwiegend mit Psychopharmaka nur die Symptome behandelt wurde, gibt es jetzt andere Ans\u00e4tze, eine Krise wird oft auch als Chance gesehen und es gibt die M\u00f6glichkeit gest\u00e4rkt und genesen&hellip; <br \/> <a class=\"read-more\" href=\"https:\/\/genesungsbegleitung.info\/?page_id=166\">Weiterlesen<\/a><\/p>\n","protected":false},"author":1,"featured_media":0,"parent":0,"menu_order":0,"comment_status":"closed","ping_status":"closed","template":"","meta":{"footnotes":""},"class_list":["post-166","page","type-page","status-publish","hentry"],"_links":{"self":[{"href":"https:\/\/genesungsbegleitung.info\/index.php?rest_route=\/wp\/v2\/pages\/166","targetHints":{"allow":["GET"]}}],"collection":[{"href":"https:\/\/genesungsbegleitung.info\/index.php?rest_route=\/wp\/v2\/pages"}],"about":[{"href":"https:\/\/genesungsbegleitung.info\/index.php?rest_route=\/wp\/v2\/types\/page"}],"author":[{"embeddable":true,"href":"https:\/\/genesungsbegleitung.info\/index.php?rest_route=\/wp\/v2\/users\/1"}],"replies":[{"embeddable":true,"href":"https:\/\/genesungsbegleitung.info\/index.php?rest_route=%2Fwp%2Fv2%2Fcomments&post=166"}],"version-history":[{"count":10,"href":"https:\/\/genesungsbegleitung.info\/index.php?rest_route=\/wp\/v2\/pages\/166\/revisions"}],"predecessor-version":[{"id":417,"href":"https:\/\/genesungsbegleitung.info\/index.php?rest_route=\/wp\/v2\/pages\/166\/revisions\/417"}],"wp:attachment":[{"href":"https:\/\/genesungsbegleitung.info\/index.php?rest_route=%2Fwp%2Fv2%2Fmedia&parent=166"}],"curies":[{"name":"wp","href":"https:\/\/api.w.org\/{rel}","templated":true}]}}