{"id":116,"date":"2022-02-13T10:35:33","date_gmt":"2022-02-13T10:35:33","guid":{"rendered":"https:\/\/genesungsbegleitung.info\/?page_id=116"},"modified":"2022-02-18T18:02:11","modified_gmt":"2022-02-18T18:02:11","slug":"preise-und-kontakt","status":"publish","type":"page","link":"https:\/\/genesungsbegleitung.info\/?page_id=116","title":{"rendered":"Preise und Kontakt"},"content":{"rendered":"\t\t<div data-elementor-type=\"wp-page\" data-elementor-id=\"116\" class=\"elementor elementor-116\">\n\t\t\t\t\t\t\t\t\t<section class=\"elementor-section elementor-top-section elementor-element elementor-element-e4846df elementor-section-boxed elementor-section-height-default elementor-section-height-default\" data-id=\"e4846df\" data-element_type=\"section\">\n\t\t\t\t\t\t<div class=\"elementor-container elementor-column-gap-default\">\n\t\t\t\t\t<div class=\"elementor-column elementor-col-100 elementor-top-column elementor-element elementor-element-5eae420\" data-id=\"5eae420\" data-element_type=\"column\">\n\t\t\t<div class=\"elementor-widget-wrap elementor-element-populated\">\n\t\t\t\t\t\t\t\t<div class=\"elementor-element elementor-element-18cf817 elementor-widget elementor-widget-text-editor\" data-id=\"18cf817\" data-element_type=\"widget\" data-widget_type=\"text-editor.default\">\n\t\t\t\t<div class=\"elementor-widget-container\">\n\t\t\t<style>\/*! elementor - v3.6.4 - 13-04-2022 *\/\n.elementor-widget-text-editor.elementor-drop-cap-view-stacked .elementor-drop-cap{background-color:#818a91;color:#fff}.elementor-widget-text-editor.elementor-drop-cap-view-framed .elementor-drop-cap{color:#818a91;border:3px solid;background-color:transparent}.elementor-widget-text-editor:not(.elementor-drop-cap-view-default) .elementor-drop-cap{margin-top:8px}.elementor-widget-text-editor:not(.elementor-drop-cap-view-default) .elementor-drop-cap-letter{width:1em;height:1em}.elementor-widget-text-editor .elementor-drop-cap{float:left;text-align:center;line-height:1;font-size:50px}.elementor-widget-text-editor .elementor-drop-cap-letter{display:inline-block}<\/style>\t\t\t\t<p class=\"MsoNormal\"><span lang=\"DE\" style=\"font-size: 18.0pt; font-family: 'Verdana',sans-serif; color: #006666;\"><span style=\"color: #006666; font-family: Verdana, sans-serif; font-size: 18pt;\"><img loading=\"lazy\" decoding=\"async\" class=\"wp-image-244 alignright\" style=\"color: #006666; font-family: Verdana, sans-serif; font-size: 24px;\" src=\"https:\/\/genesungsbegleitung.info\/wp-content\/uploads\/2022\/02\/a3cac343-84ad-44d2-89c1-05a7337bcc83-300x200.jpg\" alt=\"\" width=\"416\" height=\"277\" srcset=\"https:\/\/genesungsbegleitung.info\/wp-content\/uploads\/2022\/02\/a3cac343-84ad-44d2-89c1-05a7337bcc83-300x200.jpg 300w, https:\/\/genesungsbegleitung.info\/wp-content\/uploads\/2022\/02\/a3cac343-84ad-44d2-89c1-05a7337bcc83-768x511.jpg 768w, https:\/\/genesungsbegleitung.info\/wp-content\/uploads\/2022\/02\/a3cac343-84ad-44d2-89c1-05a7337bcc83.jpg 1024w\" sizes=\"auto, (max-width: 416px) 100vw, 416px\" \/><\/span><\/span><\/p><p class=\"MsoNormal\"><b><span lang=\"DE\" style=\"font-size: 24.0pt;\">Preise<\/span><\/b><\/p><p class=\"MsoNormal\"><span lang=\"DE\" style=\"font-size: 18.0pt;\">Erstgespr\u00e4ch &#8211; telefonisch bis 30 Minuten &#8211; kostenfrei<\/span><\/p><p class=\"MsoNormal\"><span lang=\"DE\" style=\"font-size: 18.0pt;\">Telefongespr\u00e4ch 60 CHF Vorauszahlung per Twint<\/span><\/p><p class=\"MsoNormal\"><span lang=\"DE\" style=\"font-size: 18.0pt;\">Einzelgespr\u00e4ch oder Spaziergang 80 CHF<\/span><\/p>\t\t\t\t\t\t<\/div>\n\t\t\t\t<\/div>\n\t\t\t\t\t<\/div>\n\t\t<\/div>\n\t\t\t\t\t\t\t<\/div>\n\t\t<\/section>\n\t\t\t\t<section class=\"elementor-section elementor-top-section elementor-element elementor-element-637b1a7 elementor-section-boxed elementor-section-height-default elementor-section-height-default\" data-id=\"637b1a7\" data-element_type=\"section\">\n\t\t\t\t\t\t<div class=\"elementor-container elementor-column-gap-default\">\n\t\t\t\t\t<div class=\"elementor-column elementor-col-100 elementor-top-column elementor-element elementor-element-361958d\" data-id=\"361958d\" data-element_type=\"column\">\n\t\t\t<div class=\"elementor-widget-wrap elementor-element-populated\">\n\t\t\t\t\t\t\t\t<div class=\"elementor-element elementor-element-ca57ca6 elementor-widget elementor-widget-text-editor\" data-id=\"ca57ca6\" data-element_type=\"widget\" data-widget_type=\"text-editor.default\">\n\t\t\t\t<div class=\"elementor-widget-container\">\n\t\t\t\t\t\t\t<p class=\"MsoNormal\"><span lang=\"DE\" style=\"font-size: 18.0pt; font-family: 'Verdana',sans-serif; color: #007826;\">Zur Zeit wird die ambulante Peerbegleitung noch nicht von der Krankenkasse \u00fcbernommen, es besteht jedoch die M\u00f6glichkeit f\u00fcr l\u00e4ngerfristige Begleitung bei Sozialamt, IV oder bestimmten Stiftungen eine \u00dcbernahme der Kosten zu beantragen.<\/span><\/p>\t\t\t\t\t\t<\/div>\n\t\t\t\t<\/div>\n\t\t\t\t\t<\/div>\n\t\t<\/div>\n\t\t\t\t\t\t\t<\/div>\n\t\t<\/section>\n\t\t\t\t<section class=\"elementor-section elementor-top-section elementor-element elementor-element-05a2477 elementor-section-boxed elementor-section-height-default elementor-section-height-default\" data-id=\"05a2477\" data-element_type=\"section\">\n\t\t\t\t\t\t<div class=\"elementor-container elementor-column-gap-default\">\n\t\t\t\t\t<div class=\"elementor-column elementor-col-100 elementor-top-column elementor-element elementor-element-30974c1\" data-id=\"30974c1\" data-element_type=\"column\">\n\t\t\t<div class=\"elementor-widget-wrap elementor-element-populated\">\n\t\t\t\t\t\t\t\t<div class=\"elementor-element elementor-element-fd38200 elementor-widget elementor-widget-spacer\" data-id=\"fd38200\" data-element_type=\"widget\" data-widget_type=\"spacer.default\">\n\t\t\t\t<div class=\"elementor-widget-container\">\n\t\t\t<style>\/*! elementor - v3.6.4 - 13-04-2022 *\/\n.e-container.e-container--row .elementor-spacer-inner{width:var(--spacer-size)}.e-container.e-container--column .elementor-spacer-inner,.elementor-column .elementor-spacer-inner{height:var(--spacer-size)}<\/style>\t\t<div class=\"elementor-spacer\">\n\t\t\t<div class=\"elementor-spacer-inner\"><\/div>\n\t\t<\/div>\n\t\t\t\t<\/div>\n\t\t\t\t<\/div>\n\t\t\t\t\t<\/div>\n\t\t<\/div>\n\t\t\t\t\t\t\t<\/div>\n\t\t<\/section>\n\t\t\t\t<section class=\"elementor-section elementor-top-section elementor-element elementor-element-2c0be59 elementor-section-boxed elementor-section-height-default elementor-section-height-default\" data-id=\"2c0be59\" data-element_type=\"section\">\n\t\t\t\t\t\t<div class=\"elementor-container elementor-column-gap-default\">\n\t\t\t\t\t<div class=\"elementor-column elementor-col-100 elementor-top-column elementor-element elementor-element-a598bc2\" data-id=\"a598bc2\" data-element_type=\"column\">\n\t\t\t<div class=\"elementor-widget-wrap elementor-element-populated\">\n\t\t\t\t\t\t\t\t<div class=\"elementor-element elementor-element-6eeacdb elementor-widget elementor-widget-text-editor\" data-id=\"6eeacdb\" data-element_type=\"widget\" data-widget_type=\"text-editor.default\">\n\t\t\t\t<div class=\"elementor-widget-container\">\n\t\t\t\t\t\t\t<p class=\"MsoNormal\"><b><span lang=\"DE\" style=\"font-size: 24.0pt; font-family: 'Verdana',sans-serif; color: #ff3333;\">Kontakt<\/span><\/b><\/p>\n<p class=\"MsoNormal\"><span lang=\"DE\" style=\"font-size: 18.0pt; font-family: 'Verdana',sans-serif; color: #ff3333;\">Mona R\u00f6der<\/span><\/p>\n<p class=\"MsoNormal\"><span lang=\"DE\" style=\"font-size: 18.0pt; font-family: 'Verdana',sans-serif; color: #ff3333;\">Tel 079 701 98 88<\/span><\/p>\n<p><\/p>\n<p class=\"MsoNormal\"><span lang=\"DE\" style=\"font-size: 18.0pt; font-family: 'Verdana',sans-serif; color: #ff3333;\">vidurana@yahoo.de<\/span><\/p>\t\t\t\t\t\t<\/div>\n\t\t\t\t<\/div>\n\t\t\t\t\t<\/div>\n\t\t<\/div>\n\t\t\t\t\t\t\t<\/div>\n\t\t<\/section>\n\t\t\t\t<section class=\"elementor-section elementor-top-section elementor-element elementor-element-923e735 elementor-section-boxed elementor-section-height-default elementor-section-height-default\" data-id=\"923e735\" data-element_type=\"section\">\n\t\t\t\t\t\t<div class=\"elementor-container elementor-column-gap-default\">\n\t\t\t\t\t<div class=\"elementor-column elementor-col-100 elementor-top-column elementor-element elementor-element-80bb908\" data-id=\"80bb908\" data-element_type=\"column\">\n\t\t\t<div class=\"elementor-widget-wrap elementor-element-populated\">\n\t\t\t\t\t\t\t\t<div class=\"elementor-element elementor-element-38be545 elementor-widget elementor-widget-spacer\" data-id=\"38be545\" data-element_type=\"widget\" data-widget_type=\"spacer.default\">\n\t\t\t\t<div class=\"elementor-widget-container\">\n\t\t\t\t\t<div class=\"elementor-spacer\">\n\t\t\t<div class=\"elementor-spacer-inner\"><\/div>\n\t\t<\/div>\n\t\t\t\t<\/div>\n\t\t\t\t<\/div>\n\t\t\t\t\t<\/div>\n\t\t<\/div>\n\t\t\t\t\t\t\t<\/div>\n\t\t<\/section>\n\t\t\t\t\t\t\t<\/div>\n\t\t","protected":false},"excerpt":{"rendered":"<p>Preise Erstgespr\u00e4ch &#8211; telefonisch bis 30 Minuten &#8211; kostenfrei Telefongespr\u00e4ch 60 CHF Vorauszahlung per Twint Einzelgespr\u00e4ch oder Spaziergang 80 CHF Zur Zeit wird die ambulante Peerbegleitung noch nicht von der Krankenkasse \u00fcbernommen, es besteht jedoch die M\u00f6glichkeit f\u00fcr l\u00e4ngerfristige Begleitung bei Sozialamt, IV oder bestimmten Stiftungen eine \u00dcbernahme der Kosten zu beantragen. Kontakt Mona R\u00f6der&hellip; <br \/> <a class=\"read-more\" href=\"https:\/\/genesungsbegleitung.info\/?page_id=116\">Weiterlesen<\/a><\/p>\n","protected":false},"author":1,"featured_media":0,"parent":0,"menu_order":0,"comment_status":"closed","ping_status":"closed","template":"","meta":{"footnotes":""},"class_list":["post-116","page","type-page","status-publish","hentry"],"_links":{"self":[{"href":"https:\/\/genesungsbegleitung.info\/index.php?rest_route=\/wp\/v2\/pages\/116","targetHints":{"allow":["GET"]}}],"collection":[{"href":"https:\/\/genesungsbegleitung.info\/index.php?rest_route=\/wp\/v2\/pages"}],"about":[{"href":"https:\/\/genesungsbegleitung.info\/index.php?rest_route=\/wp\/v2\/types\/page"}],"author":[{"embeddable":true,"href":"https:\/\/genesungsbegleitung.info\/index.php?rest_route=\/wp\/v2\/users\/1"}],"replies":[{"embeddable":true,"href":"https:\/\/genesungsbegleitung.info\/index.php?rest_route=%2Fwp%2Fv2%2Fcomments&post=116"}],"version-history":[{"count":37,"href":"https:\/\/genesungsbegleitung.info\/index.php?rest_route=\/wp\/v2\/pages\/116\/revisions"}],"predecessor-version":[{"id":471,"href":"https:\/\/genesungsbegleitung.info\/index.php?rest_route=\/wp\/v2\/pages\/116\/revisions\/471"}],"wp:attachment":[{"href":"https:\/\/genesungsbegleitung.info\/index.php?rest_route=%2Fwp%2Fv2%2Fmedia&parent=116"}],"curies":[{"name":"wp","href":"https:\/\/api.w.org\/{rel}","templated":true}]}}